{"id":219,"date":"2024-01-08T18:32:58","date_gmt":"2024-01-08T23:32:58","guid":{"rendered":"https:\/\/tropikalkitesurf.com\/?page_id=219"},"modified":"2025-05-28T18:15:55","modified_gmt":"2025-05-28T23:15:55","slug":"home-kite","status":"publish","type":"page","link":"https:\/\/tropikalkitesurf.com\/es\/","title":{"rendered":"Inicio"},"content":{"rendered":"\t\t<div data-elementor-type=\"wp-page\" data-elementor-id=\"219\" class=\"elementor elementor-219\" data-elementor-post-type=\"page\">\n\t\t\t\t<div class=\"elementor-element elementor-element-b42f2b7 e-flex e-con-boxed e-con e-parent\" data-id=\"b42f2b7\" data-element_type=\"container\" data-settings=\"{&quot;background_background&quot;:&quot;slideshow&quot;,&quot;background_slideshow_gallery&quot;:[{&quot;id&quot;:2242,&quot;url&quot;:&quot;https:\\\/\\\/tropikalkitesurf.com\\\/wp-content\\\/uploads\\\/2024\\\/06\\\/Tropikal-Kite-School-El-Cuyo-1.jpeg&quot;},{&quot;id&quot;:2245,&quot;url&quot;:&quot;https:\\\/\\\/tropikalkitesurf.com\\\/wp-content\\\/uploads\\\/2024\\\/06\\\/Tropikal-Kite-School-El-Cuyo-Yucatan-Mexico-1-1.jpg&quot;},{&quot;id&quot;:2244,&quot;url&quot;:&quot;https:\\\/\\\/tropikalkitesurf.com\\\/wp-content\\\/uploads\\\/2024\\\/06\\\/Tropikal-Kite-School-El-Cuyo-Home-scaled-1.jpg&quot;},{&quot;id&quot;:2243,&quot;url&quot;:&quot;https:\\\/\\\/tropikalkitesurf.com\\\/wp-content\\\/uploads\\\/2024\\\/06\\\/Tropikal-Kite-School-El-Cuyo-2.jpeg&quot;},{&quot;id&quot;:2246,&quot;url&quot;:&quot;https:\\\/\\\/tropikalkitesurf.com\\\/wp-content\\\/uploads\\\/2024\\\/06\\\/Tropikal-Kite-School-El-Cuyo-Yucatan-Mexico-2-scaled-1.jpg&quot;},{&quot;id&quot;:2247,&quot;url&quot;:&quot;https:\\\/\\\/tropikalkitesurf.com\\\/wp-content\\\/uploads\\\/2024\\\/06\\\/Tropikal-Kite-School-El-Cuyo-Yucatan-Mexico-3-scaled-1.jpg&quot;},{&quot;id&quot;:1606,&quot;url&quot;:&quot;https:\\\/\\\/tropikalkitesurf.com\\\/wp-content\\\/uploads\\\/2024\\\/04\\\/Tropikal-Kite-School-El-Cuyo-Yucatan-Mexico-4.jpeg&quot;}],&quot;background_slideshow_slide_duration&quot;:4000,&quot;background_slideshow_slide_transition&quot;:&quot;slide_left&quot;,&quot;background_slideshow_transition_duration&quot;:400,&quot;background_slideshow_lazyload&quot;:&quot;yes&quot;,&quot;background_slideshow_loop&quot;:&quot;yes&quot;}\">\n\t\t\t\t\t<div class=\"e-con-inner\">\n\t\t\t\t<div class=\"elementor-element elementor-element-93722bc elementor-widget elementor-widget-heading\" data-id=\"93722bc\" data-element_type=\"widget\" data-settings=\"{&quot;_animation&quot;:&quot;none&quot;,&quot;_animation_mobile&quot;:&quot;none&quot;}\" data-widget_type=\"heading.default\">\n\t\t\t\t<div class=\"elementor-widget-container\">\n\t\t\t\t\t<h1 class=\"elementor-heading-title elementor-size-default\">Kitesurfing en El Cuyo<\/h1>\t\t\t\t<\/div>\n\t\t\t\t<\/div>\n\t\t\t\t<div class=\"elementor-element elementor-element-a95c44e elementor-widget__width-initial elementor-widget-mobile__width-inherit elementor-widget elementor-widget-text-editor\" data-id=\"a95c44e\" data-element_type=\"widget\" data-settings=\"{&quot;_animation&quot;:&quot;none&quot;,&quot;_animation_delay&quot;:200,&quot;_animation_mobile&quot;:&quot;none&quot;}\" data-widget_type=\"text-editor.default\">\n\t\t\t\t<div class=\"elementor-widget-container\">\n\t\t\t\t\t\t\t\t\t<p>Kitesurf, Kitefoil o Wingfoil &#8211; \u00a1sea cual sea la actividad divertida con viento que quieras aprender, hazlo con nosotros!<\/p>\t\t\t\t\t\t\t\t<\/div>\n\t\t\t\t<\/div>\n\t\t\t\t<div class=\"elementor-element elementor-element-f574366 elementor-widget elementor-widget-button\" data-id=\"f574366\" data-element_type=\"widget\" data-settings=\"{&quot;_animation&quot;:&quot;none&quot;,&quot;_animation_mobile&quot;:&quot;none&quot;}\" data-widget_type=\"button.default\">\n\t\t\t\t<div class=\"elementor-widget-container\">\n\t\t\t\t\t\t\t\t\t<div class=\"elementor-button-wrapper\">\n\t\t\t\t\t<a class=\"elementor-button elementor-button-link elementor-size-lg\" href=\"https:\/\/wa.me\/529841337532\" target=\"_blank\" rel=\"nofollow\">\n\t\t\t\t\t\t<span class=\"elementor-button-content-wrapper\">\n\t\t\t\t\t\t\t\t\t<span class=\"elementor-button-text\">Cont\u00e1ctanos ahora<\/span>\n\t\t\t\t\t<\/span>\n\t\t\t\t\t<\/a>\n\t\t\t\t<\/div>\n\t\t\t\t\t\t\t\t<\/div>\n\t\t\t\t<\/div>\n\t\t\t\t\t<\/div>\n\t\t\t\t<\/div>\n\t\t<div class=\"elementor-element elementor-element-c55a417 e-flex e-con-boxed e-con e-parent\" data-id=\"c55a417\" data-element_type=\"container\" data-settings=\"{&quot;background_background&quot;:&quot;classic&quot;}\">\n\t\t\t\t\t<div class=\"e-con-inner\">\n\t\t\t\t<div class=\"elementor-element elementor-element-00f0a02 elementor-widget elementor-widget-icon-box\" data-id=\"00f0a02\" data-element_type=\"widget\" data-settings=\"{&quot;_animation&quot;:&quot;none&quot;,&quot;_animation_delay&quot;:400,&quot;_animation_mobile&quot;:&quot;none&quot;}\" data-widget_type=\"icon-box.default\">\n\t\t\t\t<div class=\"elementor-widget-container\">\n\t\t\t\t\t\t\t<div class=\"elementor-icon-box-wrapper\">\n\n\t\t\t\n\t\t\t\t\t\t<div class=\"elementor-icon-box-content\">\n\n\t\t\t\t\t\t\t\t\t<h2 class=\"elementor-icon-box-title\">\n\t\t\t\t\t\t<span  >\n\t\t\t\t\t\t\t\u00danete a nuestro centro Tropikal Kite, Wing y Foil\t\t\t\t\t\t<\/span>\n\t\t\t\t\t<\/h2>\n\t\t\t\t\n\t\t\t\t\n\t\t\t<\/div>\n\t\t\t\n\t\t<\/div>\n\t\t\t\t\t\t<\/div>\n\t\t\t\t<\/div>\n\t\t\t\t<div class=\"elementor-element elementor-element-c701e47 elementor-widget__width-initial elementor-widget elementor-widget-text-editor\" data-id=\"c701e47\" data-element_type=\"widget\" data-settings=\"{&quot;_animation&quot;:&quot;none&quot;,&quot;_animation_delay&quot;:600,&quot;_animation_mobile&quot;:&quot;none&quot;}\" data-widget_type=\"text-editor.default\">\n\t\t\t\t<div class=\"elementor-widget-container\">\n\t\t\t\t\t\t\t\t\t<p>El Cuyo es uno de los mejores destinos en M\u00e9xico para practicar kitesurf, kitefoil y wingfoil. Ubicado en la pen\u00ednsula de Yucat\u00e1n, este aut\u00e9ntico pueblo pesquero te espera con amplias playas v\u00edrgenes, vientos constantes, un entorno pintoresco y clima tropical, lo que lo convierte en el lugar perfecto para tus pr\u00f3ximas vacaciones de kite.<\/p><p>Disfruta de este tranquilo pueblo costero y lleva tus habilidades en deportes de viento al siguiente nivel. Nuestros instructores experimentados te brindar\u00e1n una experiencia de aprendizaje segura y emocionante.<\/p>\t\t\t\t\t\t\t\t<\/div>\n\t\t\t\t<\/div>\n\t\t\t\t\t<\/div>\n\t\t\t\t<\/div>\n\t\t<div class=\"elementor-element elementor-element-4deb6978 e-flex e-con-boxed e-con e-parent\" data-id=\"4deb6978\" data-element_type=\"container\" data-settings=\"{&quot;background_background&quot;:&quot;classic&quot;,&quot;animation_mobile&quot;:&quot;none&quot;,&quot;animation&quot;:&quot;none&quot;}\">\n\t\t\t\t\t<div class=\"e-con-inner\">\n\t\t<div class=\"elementor-element elementor-element-710038c0 e-con-full e-flex e-con e-child\" data-id=\"710038c0\" data-element_type=\"container\">\n\t\t\t\t<div class=\"elementor-element elementor-element-2b47d35f elementor-cta--layout-image-left elementor-cta--mobile-layout-image-above elementor-widget__width-inherit elementor-cta--valign-middle elementor-cta--skin-classic elementor-animated-content elementor-widget elementor-widget-call-to-action\" data-id=\"2b47d35f\" data-element_type=\"widget\" data-settings=\"{&quot;_animation&quot;:&quot;none&quot;,&quot;_animation_delay&quot;:200,&quot;_animation_mobile&quot;:&quot;none&quot;}\" data-widget_type=\"call-to-action.default\">\n\t\t\t\t<div class=\"elementor-widget-container\">\n\t\t\t\t\t\t\t<a class=\"elementor-cta\" href=\"https:\/\/tropikalkitesurf.com\/es\/kitesurf-center\/\">\n\t\t\t\t\t<div class=\"elementor-cta__bg-wrapper\">\n\t\t\t\t<div class=\"elementor-cta__bg elementor-bg\" style=\"background-image: url(https:\/\/tropikalkitesurf.com\/es\/wp-content\/uploads\/2024\/01\/Tropikal-Kite-School-El-Cuyo-Classes-2.jpg);\" role=\"img\" aria-label=\"Tropikal-Kite-School-El-Cuyo-Classes-2\"><\/div>\n\t\t\t\t<div class=\"elementor-cta__bg-overlay\"><\/div>\n\t\t\t<\/div>\n\t\t\t\t\t\t\t<div class=\"elementor-cta__content\">\n\t\t\t\t\n\t\t\t\t\t\t\t\t\t<h2 class=\"elementor-cta__title elementor-cta__content-item elementor-content-item\">\n\t\t\t\t\t\tClases de Kitesurf\t\t\t\t\t<\/h2>\n\t\t\t\t\n\t\t\t\t\t\t\t\t\t<div class=\"elementor-cta__description elementor-cta__content-item elementor-content-item\">\n\t\t\t\t\t\t\u00a1Prep\u00e1rate para una experiencia de kite personalizada! Ya seas principiante o tengas experiencia, toma clases de kitesurf adaptadas a tus necesidades espec\u00edficas. Nuestros instructores capacitados te guiar\u00e1n a trav\u00e9s de un proceso de aprendizaje seguro y r\u00e1pido.\t\t\t\t\t<\/div>\n\t\t\t\t\n\t\t\t\t\t\t\t\t\t<div class=\"elementor-cta__button-wrapper elementor-cta__content-item elementor-content-item \">\n\t\t\t\t\t<span class=\"elementor-cta__button elementor-button elementor-size-\">\n\t\t\t\t\t\tVer m\u00e1s\t\t\t\t\t<\/span>\n\t\t\t\t\t<\/div>\n\t\t\t\t\t\t\t<\/div>\n\t\t\t\t\t\t<\/a>\n\t\t\t\t\t\t<\/div>\n\t\t\t\t<\/div>\n\t\t\t\t<div class=\"elementor-element elementor-element-58f9b476 elementor-cta--layout-image-left elementor-cta--mobile-layout-image-above elementor-widget__width-inherit elementor-cta--valign-middle elementor-cta--skin-classic elementor-animated-content elementor-widget elementor-widget-call-to-action\" data-id=\"58f9b476\" data-element_type=\"widget\" data-settings=\"{&quot;_animation&quot;:&quot;none&quot;,&quot;_animation_delay&quot;:200,&quot;_animation_mobile&quot;:&quot;none&quot;}\" data-widget_type=\"call-to-action.default\">\n\t\t\t\t<div class=\"elementor-widget-container\">\n\t\t\t\t\t\t\t<a class=\"elementor-cta\" href=\"https:\/\/tropikalkitesurf.com\/es\/kitefoil-y-wingfoil\/\">\n\t\t\t\t\t<div class=\"elementor-cta__bg-wrapper\">\n\t\t\t\t<div class=\"elementor-cta__bg elementor-bg\" style=\"background-image: url(https:\/\/tropikalkitesurf.com\/es\/wp-content\/uploads\/2024\/01\/Tropikal-Kite-School-El-Cuyo-Wingfoiling-5-scaled.jpg);\" role=\"img\" aria-label=\"Tropikal-Kite-School-El-Cuyo-Wingfoiling-5\"><\/div>\n\t\t\t\t<div class=\"elementor-cta__bg-overlay\"><\/div>\n\t\t\t<\/div>\n\t\t\t\t\t\t\t<div class=\"elementor-cta__content\">\n\t\t\t\t\n\t\t\t\t\t\t\t\t\t<h2 class=\"elementor-cta__title elementor-cta__content-item elementor-content-item\">\n\t\t\t\t\t\tClases de Kitefoil y Wingfoil\t\t\t\t\t<\/h2>\n\t\t\t\t\n\t\t\t\t\t\t\t\t\t<div class=\"elementor-cta__description elementor-cta__content-item elementor-content-item\">\n\t\t\t\t\t\t\u00bfListo para algo diferente? Las clases de kitefoil y wingfoil te ofrecen una introducci\u00f3n agradable al mundo del foiling. El foiling te permite deslizarte incluso con vientos ligeros. Nuestros instructores te mostrar\u00e1n c\u00f3mo se hace.\t\t\t\t\t<\/div>\n\t\t\t\t\n\t\t\t\t\t\t\t\t\t<div class=\"elementor-cta__button-wrapper elementor-cta__content-item elementor-content-item \">\n\t\t\t\t\t<span class=\"elementor-cta__button elementor-button elementor-size-\">\n\t\t\t\t\t\tVer m\u00e1s\t\t\t\t\t<\/span>\n\t\t\t\t\t<\/div>\n\t\t\t\t\t\t\t<\/div>\n\t\t\t\t\t\t<\/a>\n\t\t\t\t\t\t<\/div>\n\t\t\t\t<\/div>\n\t\t\t\t<div class=\"elementor-element elementor-element-fb1741f elementor-cta--layout-image-left elementor-cta--mobile-layout-image-above elementor-widget__width-inherit elementor-cta--valign-middle elementor-cta--skin-classic elementor-animated-content elementor-widget elementor-widget-call-to-action\" data-id=\"fb1741f\" data-element_type=\"widget\" data-settings=\"{&quot;_animation&quot;:&quot;none&quot;,&quot;_animation_delay&quot;:200,&quot;_animation_mobile&quot;:&quot;none&quot;}\" data-widget_type=\"call-to-action.default\">\n\t\t\t\t<div class=\"elementor-widget-container\">\n\t\t\t\t\t\t\t<a class=\"elementor-cta\" href=\"https:\/\/tropikalkitesurf.com\/es\/renta-de-kite-y-wing\/\">\n\t\t\t\t\t<div class=\"elementor-cta__bg-wrapper\">\n\t\t\t\t<div class=\"elementor-cta__bg elementor-bg\" style=\"background-image: url(https:\/\/tropikalkitesurf.com\/es\/wp-content\/uploads\/2024\/01\/Tropikal-Kite-School-El-Cuyo-Rental-2.jpg);\" role=\"img\" aria-label=\"Tropikal-Kite-School-El-Cuyo-Rental-2\"><\/div>\n\t\t\t\t<div class=\"elementor-cta__bg-overlay\"><\/div>\n\t\t\t<\/div>\n\t\t\t\t\t\t\t<div class=\"elementor-cta__content\">\n\t\t\t\t\n\t\t\t\t\t\t\t\t\t<h2 class=\"elementor-cta__title elementor-cta__content-item elementor-content-item\">\n\t\t\t\t\t\tRenta de Kite y Wing\t\t\t\t\t<\/h2>\n\t\t\t\t\n\t\t\t\t\t\t\t\t\t<div class=\"elementor-cta__description elementor-cta__content-item elementor-content-item\">\n\t\t\t\t\t\t\u00bfNo tienes tu propio equipo? \u00a1No hay problema! Ofrecemos servicios de renta de equipo para kitesurf, kitefoil y wingfoil. Elige entre nuestra selecci\u00f3n premium de equipo de marcas l\u00edderes como North y Mystic.\t\t\t\t\t<\/div>\n\t\t\t\t\n\t\t\t\t\t\t\t\t\t<div class=\"elementor-cta__button-wrapper elementor-cta__content-item elementor-content-item \">\n\t\t\t\t\t<span class=\"elementor-cta__button elementor-button elementor-size-\">\n\t\t\t\t\t\tVer m\u00e1s\t\t\t\t\t<\/span>\n\t\t\t\t\t<\/div>\n\t\t\t\t\t\t\t<\/div>\n\t\t\t\t\t\t<\/a>\n\t\t\t\t\t\t<\/div>\n\t\t\t\t<\/div>\n\t\t\t\t<\/div>\n\t\t\t\t\t<\/div>\n\t\t\t\t<\/div>\n\t\t<div class=\"elementor-element elementor-element-e661d3f e-flex e-con-boxed e-con e-parent\" data-id=\"e661d3f\" data-element_type=\"container\" data-settings=\"{&quot;background_background&quot;:&quot;classic&quot;,&quot;animation_mobile&quot;:&quot;none&quot;,&quot;animation&quot;:&quot;none&quot;}\">\n\t\t\t\t\t<div class=\"e-con-inner\">\n\t\t\t\t<div class=\"elementor-element elementor-element-db629a3 elementor-widget elementor-widget-icon-box\" data-id=\"db629a3\" data-element_type=\"widget\" data-settings=\"{&quot;_animation&quot;:&quot;none&quot;,&quot;_animation_mobile&quot;:&quot;none&quot;}\" data-widget_type=\"icon-box.default\">\n\t\t\t\t<div class=\"elementor-widget-container\">\n\t\t\t\t\t\t\t<div class=\"elementor-icon-box-wrapper\">\n\n\t\t\t\n\t\t\t\t\t\t<div class=\"elementor-icon-box-content\">\n\n\t\t\t\t\t\t\t\t\t<h3 class=\"elementor-icon-box-title\">\n\t\t\t\t\t\t<span  >\n\t\t\t\t\t\t\t\u00bfPor qu\u00e9 elegirnos?\t\t\t\t\t\t<\/span>\n\t\t\t\t\t<\/h3>\n\t\t\t\t\n\t\t\t\t\n\t\t\t<\/div>\n\t\t\t\n\t\t<\/div>\n\t\t\t\t\t\t<\/div>\n\t\t\t\t<\/div>\n\t\t\t\t<div class=\"elementor-element elementor-element-c1e1a9f elementor-widget__width-initial elementor-widget elementor-widget-text-editor\" data-id=\"c1e1a9f\" data-element_type=\"widget\" data-settings=\"{&quot;_animation&quot;:&quot;none&quot;,&quot;_animation_delay&quot;:200,&quot;_animation_mobile&quot;:&quot;none&quot;}\" data-widget_type=\"text-editor.default\">\n\t\t\t\t<div class=\"elementor-widget-container\">\n\t\t\t\t\t\t\t\t\t<p data-start=\"0\" data-end=\"95\">Aqu\u00ed tienes algunas razones para aprender, mejorar y rentar con nosotros:<\/p>\t\t\t\t\t\t\t\t<\/div>\n\t\t\t\t<\/div>\n\t\t\t\t<div class=\"elementor-element elementor-element-91e37db elementor-widget__width-initial elementor-widget elementor-widget-text-editor\" data-id=\"91e37db\" data-element_type=\"widget\" data-settings=\"{&quot;_animation_mobile&quot;:&quot;none&quot;,&quot;_animation&quot;:&quot;none&quot;}\" data-widget_type=\"text-editor.default\">\n\t\t\t\t<div class=\"elementor-widget-container\">\n\t\t\t\t\t\t\t\t\t<ul><li>Te ense\u00f1amos a hacer kitesurf, kitefoil o wingfoil desde cero hasta convertirte en un experto.<\/li><li>Contamos con instructores de kitesurf altamente experimentados.<\/li><li>Utilizamos t\u00e9cnicas de ense\u00f1anza de \u00faltima generaci\u00f3n.<\/li><li>Ofrecemos equipo de alta calidad de las marcas North y Mystic.<\/li><li>Estamos estrat\u00e9gicamente ubicados para aprovechar al m\u00e1ximo las condiciones ideales de El Cuyo.<\/li><li>Somos locales, conocemos El Cuyo a la perfecci\u00f3n y te mostraremos lo mejor del lugar.<\/li><li style=\"font-weight: 400;\" aria-level=\"3\">Contamos con incre\u00edbles amenidades: restaurante, bar, regaderas, ba\u00f1os, alberca, Wi-Fi y \u00e1rea de lavado.<\/li><li><span style=\"font-weight: 400;\">Nos encontramos dentro del hotel boutique LunArena. <a href=\"https:\/\/tropikalkitesurf.com\/es\/hoteles-en-el-cuyo-yucatan\/\">\u00a1Hosp\u00e9date con nosotros!<\/a><\/span><\/li><li>Ofrecemos descuentos en l\u00ednea y promociones mensuales. <a href=\"https:\/\/tropikalkitesurf.com\/es\/contacto\/\">\u00a1Cont\u00e1ctanos!<\/a><\/li><\/ul>\t\t\t\t\t\t\t\t<\/div>\n\t\t\t\t<\/div>\n\t\t\t\t\t<\/div>\n\t\t\t\t<\/div>\n\t\t<div class=\"elementor-element elementor-element-120bf99 e-flex e-con-boxed e-con e-parent\" data-id=\"120bf99\" data-element_type=\"container\" data-settings=\"{&quot;animation&quot;:&quot;none&quot;,&quot;animation_mobile&quot;:&quot;none&quot;}\">\n\t\t\t\t\t<div class=\"e-con-inner\">\n\t\t\t\t<div class=\"elementor-element elementor-element-0bac311 elementor-widget elementor-widget-heading\" data-id=\"0bac311\" data-element_type=\"widget\" data-settings=\"{&quot;_animation_mobile&quot;:&quot;none&quot;,&quot;_animation&quot;:&quot;none&quot;}\" data-widget_type=\"heading.default\">\n\t\t\t\t<div class=\"elementor-widget-container\">\n\t\t\t\t\t<h4 class=\"elementor-heading-title elementor-size-default\">Haz kitesurf con nosotros en El Cuyo<\/h4>\t\t\t\t<\/div>\n\t\t\t\t<\/div>\n\t\t\t\t<div class=\"elementor-element elementor-element-1aa1dd1 elementor-widget elementor-widget-button\" data-id=\"1aa1dd1\" data-element_type=\"widget\" data-settings=\"{&quot;_animation&quot;:&quot;none&quot;}\" data-widget_type=\"button.default\">\n\t\t\t\t<div class=\"elementor-widget-container\">\n\t\t\t\t\t\t\t\t\t<div class=\"elementor-button-wrapper\">\n\t\t\t\t\t<a class=\"elementor-button elementor-button-link elementor-size-lg\" href=\"https:\/\/tropikalkitesurf.com\/kitesurf-center\/\">\n\t\t\t\t\t\t<span class=\"elementor-button-content-wrapper\">\n\t\t\t\t\t\t\t\t\t<span class=\"elementor-button-text\">Explora nuestra escuela de kite y foil<\/span>\n\t\t\t\t\t<\/span>\n\t\t\t\t\t<\/a>\n\t\t\t\t<\/div>\n\t\t\t\t\t\t\t\t<\/div>\n\t\t\t\t<\/div>\n\t\t\t\t\t<\/div>\n\t\t\t\t<\/div>\n\t\t<div class=\"elementor-element elementor-element-5d48681 e-flex e-con-boxed e-con e-parent\" data-id=\"5d48681\" data-element_type=\"container\" data-settings=\"{&quot;animation_mobile&quot;:&quot;none&quot;,&quot;animation&quot;:&quot;none&quot;}\">\n\t\t\t\t\t<div class=\"e-con-inner\">\n\t\t\t\t<div class=\"elementor-element elementor-element-8d564bc elementor-widget elementor-widget-gallery\" data-id=\"8d564bc\" data-element_type=\"widget\" data-settings=\"{&quot;columns&quot;:3,&quot;aspect_ratio&quot;:&quot;4:3&quot;,&quot;_animation&quot;:&quot;none&quot;,&quot;_animation_mobile&quot;:&quot;none&quot;,&quot;lazyload&quot;:&quot;yes&quot;,&quot;gallery_layout&quot;:&quot;grid&quot;,&quot;columns_tablet&quot;:2,&quot;columns_mobile&quot;:1,&quot;gap&quot;:{&quot;unit&quot;:&quot;px&quot;,&quot;size&quot;:10,&quot;sizes&quot;:[]},&quot;gap_tablet&quot;:{&quot;unit&quot;:&quot;px&quot;,&quot;size&quot;:10,&quot;sizes&quot;:[]},&quot;gap_mobile&quot;:{&quot;unit&quot;:&quot;px&quot;,&quot;size&quot;:10,&quot;sizes&quot;:[]},&quot;link_to&quot;:&quot;file&quot;,&quot;overlay_background&quot;:&quot;yes&quot;}\" data-widget_type=\"gallery.default\">\n\t\t\t\t<div class=\"elementor-widget-container\">\n\t\t\t\t\t\t\t<div class=\"elementor-gallery__container\">\n\t\t\t\t\t\t\t<a class=\"e-gallery-item elementor-gallery-item\" href=\"https:\/\/tropikalkitesurf.com\/es\/wp-content\/uploads\/2024\/01\/Tropikal-Kite-School-El-Cuyo-Rental-Foil-scaled.jpg\" data-elementor-open-lightbox=\"yes\" data-elementor-lightbox-slideshow=\"8d564bc\" data-e-action-hash=\"#elementor-action%3Aaction%3Dlightbox%26settings%3DeyJpZCI6MzU2LCJ1cmwiOiJodHRwczpcL1wvdHJvcGlrYWxraXRlc3VyZi5jb21cL2VzXC93cC1jb250ZW50XC91cGxvYWRzXC8yMDI0XC8wMVwvVHJvcGlrYWwtS2l0ZS1TY2hvb2wtRWwtQ3V5by1SZW50YWwtRm9pbC1zY2FsZWQuanBnIiwic2xpZGVzaG93IjoiOGQ1NjRiYyJ9\">\n\t\t\t\t\t<div class=\"e-gallery-image elementor-gallery-item__image\" data-thumbnail=\"https:\/\/tropikalkitesurf.com\/es\/wp-content\/uploads\/2024\/01\/Tropikal-Kite-School-El-Cuyo-Rental-Foil-scaled.jpg\" data-width=\"1773\" data-height=\"2560\" aria-label=\"Kitefoiling in El Cuyo\" role=\"img\" ><\/div>\n\t\t\t\t\t\t\t\t\t\t\t<div class=\"elementor-gallery-item__overlay\"><\/div>\n\t\t\t\t\t\t\t\t\t\t\t\t\t\t<\/a>\n\t\t\t\t\t\t\t<a class=\"e-gallery-item elementor-gallery-item\" href=\"https:\/\/tropikalkitesurf.com\/es\/wp-content\/uploads\/2024\/01\/Tropikal-Kite-School-El-Cuyo-Rental-5-scaled.jpeg\" data-elementor-open-lightbox=\"yes\" data-elementor-lightbox-slideshow=\"8d564bc\" data-e-action-hash=\"#elementor-action%3Aaction%3Dlightbox%26settings%3DeyJpZCI6MzU1LCJ1cmwiOiJodHRwczpcL1wvdHJvcGlrYWxraXRlc3VyZi5jb21cL2VzXC93cC1jb250ZW50XC91cGxvYWRzXC8yMDI0XC8wMVwvVHJvcGlrYWwtS2l0ZS1TY2hvb2wtRWwtQ3V5by1SZW50YWwtNS1zY2FsZWQuanBlZyIsInNsaWRlc2hvdyI6IjhkNTY0YmMifQ%3D%3D\">\n\t\t\t\t\t<div class=\"e-gallery-image elementor-gallery-item__image\" data-thumbnail=\"https:\/\/tropikalkitesurf.com\/es\/wp-content\/uploads\/2024\/01\/Tropikal-Kite-School-El-Cuyo-Rental-5-scaled.jpeg\" data-width=\"1920\" data-height=\"2560\" aria-label=\"Kitesurfing in El Cuyo\" role=\"img\" ><\/div>\n\t\t\t\t\t\t\t\t\t\t\t<div class=\"elementor-gallery-item__overlay\"><\/div>\n\t\t\t\t\t\t\t\t\t\t\t\t\t\t<\/a>\n\t\t\t\t\t\t\t<a class=\"e-gallery-item elementor-gallery-item\" href=\"https:\/\/tropikalkitesurf.com\/es\/wp-content\/uploads\/2024\/06\/Tropikal-Kite-School-El-Cuyo-Wingfoiling-1.jpeg\" data-elementor-open-lightbox=\"yes\" data-elementor-lightbox-slideshow=\"8d564bc\" data-elementor-lightbox-title=\"Tropikal-Kite-School-El-Cuyo-Wingfoiling (1)\" data-e-action-hash=\"#elementor-action%3Aaction%3Dlightbox%26settings%3DeyJpZCI6MjM4MiwidXJsIjoiaHR0cHM6XC9cL3Ryb3Bpa2Fsa2l0ZXN1cmYuY29tXC9lc1wvd3AtY29udGVudFwvdXBsb2Fkc1wvMjAyNFwvMDZcL1Ryb3Bpa2FsLUtpdGUtU2Nob29sLUVsLUN1eW8tV2luZ2ZvaWxpbmctMS5qcGVnIiwic2xpZGVzaG93IjoiOGQ1NjRiYyJ9\">\n\t\t\t\t\t<div class=\"e-gallery-image elementor-gallery-item__image\" data-thumbnail=\"https:\/\/tropikalkitesurf.com\/es\/wp-content\/uploads\/2024\/06\/Tropikal-Kite-School-El-Cuyo-Wingfoiling-1.jpeg\" data-width=\"960\" data-height=\"1280\" aria-label=\"Wingfoiling in El Cuyo\" role=\"img\" ><\/div>\n\t\t\t\t\t\t\t\t\t\t\t<div class=\"elementor-gallery-item__overlay\"><\/div>\n\t\t\t\t\t\t\t\t\t\t\t\t\t\t<\/a>\n\t\t\t\t\t<\/div>\n\t\t\t\t\t<\/div>\n\t\t\t\t<\/div>\n\t\t\t\t\t<\/div>\n\t\t\t\t<\/div>\n\t\t\t\t<\/div>\n\t\t","protected":false},"excerpt":{"rendered":"<p>Kitesurfing en El Cuyo Kitesurf, Kitefoil o Wingfoil &#8211; \u00a1sea cual sea la actividad divertida con viento que quieras aprender, hazlo con nosotros! Cont\u00e1ctanos ahora \u00danete a nuestro centro Tropikal Kite, Wing y Foil El Cuyo es uno de los mejores destinos en M\u00e9xico para practicar kitesurf, kitefoil y wingfoil. Ubicado en la pen\u00ednsula de [&hellip;]<\/p>\n","protected":false},"author":1,"featured_media":0,"parent":0,"menu_order":0,"comment_status":"closed","ping_status":"closed","template":"","meta":{"footnotes":""},"class_list":["post-219","page","type-page","status-publish","hentry"],"_links":{"self":[{"href":"https:\/\/tropikalkitesurf.com\/es\/wp-json\/wp\/v2\/pages\/219","targetHints":{"allow":["GET"]}}],"collection":[{"href":"https:\/\/tropikalkitesurf.com\/es\/wp-json\/wp\/v2\/pages"}],"about":[{"href":"https:\/\/tropikalkitesurf.com\/es\/wp-json\/wp\/v2\/types\/page"}],"author":[{"embeddable":true,"href":"https:\/\/tropikalkitesurf.com\/es\/wp-json\/wp\/v2\/users\/1"}],"replies":[{"embeddable":true,"href":"https:\/\/tropikalkitesurf.com\/es\/wp-json\/wp\/v2\/comments?post=219"}],"version-history":[{"count":683,"href":"https:\/\/tropikalkitesurf.com\/es\/wp-json\/wp\/v2\/pages\/219\/revisions"}],"predecessor-version":[{"id":2851,"href":"https:\/\/tropikalkitesurf.com\/es\/wp-json\/wp\/v2\/pages\/219\/revisions\/2851"}],"wp:attachment":[{"href":"https:\/\/tropikalkitesurf.com\/es\/wp-json\/wp\/v2\/media?parent=219"}],"curies":[{"name":"wp","href":"https:\/\/api.w.org\/{rel}","templated":true}]}}