{"id":1444,"date":"2024-02-22T20:21:15","date_gmt":"2024-02-23T01:21:15","guid":{"rendered":"https:\/\/tropikalkitesurf.com\/?page_id=1444"},"modified":"2025-05-28T18:48:56","modified_gmt":"2025-05-28T23:48:56","slug":"tienda-de-kite","status":"publish","type":"page","link":"https:\/\/tropikalkitesurf.com\/es\/tienda-de-kite\/","title":{"rendered":"Tienda de Kite"},"content":{"rendered":"\t\t<div data-elementor-type=\"wp-page\" data-elementor-id=\"1444\" class=\"elementor elementor-1444\" data-elementor-post-type=\"page\">\n\t\t\t\t<div class=\"elementor-element elementor-element-6b73571c e-flex e-con-boxed e-con e-parent\" data-id=\"6b73571c\" data-element_type=\"container\" data-settings=\"{&quot;background_background&quot;:&quot;slideshow&quot;,&quot;background_slideshow_gallery&quot;:[{&quot;id&quot;:1449,&quot;url&quot;:&quot;https:\\\/\\\/tropikalkitesurf.com\\\/wp-content\\\/uploads\\\/2024\\\/02\\\/Tropikal-Kite-School-El-Cuyo-Shop-3-min.jpg&quot;},{&quot;id&quot;:1257,&quot;url&quot;:&quot;https:\\\/\\\/tropikalkitesurf.com\\\/wp-content\\\/uploads\\\/2024\\\/02\\\/Tropikal-Kite-School-El-Cuyo-Rental-2-.jpg&quot;}],&quot;background_slideshow_slide_duration&quot;:2000,&quot;background_slideshow_transition_duration&quot;:300,&quot;background_slideshow_slide_transition&quot;:&quot;slide_left&quot;,&quot;background_slideshow_loop&quot;:&quot;yes&quot;}\">\n\t\t\t\t\t<div class=\"e-con-inner\">\n\t\t\t\t<div class=\"elementor-element elementor-element-395ea171 elementor-widget elementor-widget-heading\" data-id=\"395ea171\" data-element_type=\"widget\" data-widget_type=\"heading.default\">\n\t\t\t\t<div class=\"elementor-widget-container\">\n\t\t\t\t\t<h2 class=\"elementor-heading-title elementor-size-default\">Tienda kite<\/h2>\t\t\t\t<\/div>\n\t\t\t\t<\/div>\n\t\t\t\t<div class=\"elementor-element elementor-element-46ab6114 elementor-widget-mobile__width-inherit elementor-widget elementor-widget-text-editor\" data-id=\"46ab6114\" data-element_type=\"widget\" data-widget_type=\"text-editor.default\">\n\t\t\t\t<div class=\"elementor-widget-container\">\n\t\t\t\t\t\t\t\t\t<p class=\"p1\">\u00bfInteresado en comprar tu propio equipo de kite, foil o wing? somos vendedores autorizados de equipos north y mystic. contamos con tienda en l\u00ednea y tambi\u00e9n ofrecemos los productos directamente en nuestra escuela tropikal en el cuyo.<\/p>\t\t\t\t\t\t\t\t<\/div>\n\t\t\t\t<\/div>\n\t\t\t\t<div class=\"elementor-element elementor-element-5b7119ee elementor-align-center elementor-widget elementor-widget-button\" data-id=\"5b7119ee\" data-element_type=\"widget\" data-widget_type=\"button.default\">\n\t\t\t\t<div class=\"elementor-widget-container\">\n\t\t\t\t\t\t\t\t\t<div class=\"elementor-button-wrapper\">\n\t\t\t\t\t<a class=\"elementor-button elementor-button-link elementor-size-sm elementor-animation-grow\" href=\"https:\/\/wa.me\/529841337532\" target=\"_blank\" rel=\"nofollow\">\n\t\t\t\t\t\t<span class=\"elementor-button-content-wrapper\">\n\t\t\t\t\t\t\t\t\t<span class=\"elementor-button-text\">Me interesa<\/span>\n\t\t\t\t\t<\/span>\n\t\t\t\t\t<\/a>\n\t\t\t\t<\/div>\n\t\t\t\t\t\t\t\t<\/div>\n\t\t\t\t<\/div>\n\t\t\t\t\t<\/div>\n\t\t\t\t<\/div>\n\t\t<div class=\"elementor-element elementor-element-63fc854 e-flex e-con-boxed e-con e-parent\" data-id=\"63fc854\" data-element_type=\"container\">\n\t\t\t\t\t<div class=\"e-con-inner\">\n\t\t\t\t<div class=\"elementor-element elementor-element-c9bc7a8 elementor-widget__width-initial elementor-widget-mobile__width-inherit elementor-widget elementor-widget-heading\" data-id=\"c9bc7a8\" data-element_type=\"widget\" data-widget_type=\"heading.default\">\n\t\t\t\t<div class=\"elementor-widget-container\">\n\t\t\t\t\t<h2 class=\"elementor-heading-title elementor-size-default\">Elige entre una amplia variedad de equipos de kitesurf, kitefoil y wingfoil. \u00bfQu\u00e9 est\u00e1s buscando?<\/h2>\t\t\t\t<\/div>\n\t\t\t\t<\/div>\n\t\t\t\t<div class=\"elementor-element elementor-element-5e27185 elementor-widget__width-initial elementor-widget-mobile__width-inherit elementor-widget elementor-widget-text-editor\" data-id=\"5e27185\" data-element_type=\"widget\" data-widget_type=\"text-editor.default\">\n\t\t\t\t<div class=\"elementor-widget-container\">\n\t\t\t\t\t\t\t\t\t<p class=\"p1\">Neopreno, cascos y chalecos de impacto \u2013 te ofrecemos todo el equipo de kite y foil que necesitas.<\/p><p class=\"p1\">Adem\u00e1s de ser distribuidores autorizados, contamos con una selecci\u00f3n de cometas, tablas y arneses usados a precios competitivos, gracias a la renovaci\u00f3n constante de nuestro equipo de clases y renta.<\/p>\t\t\t\t\t\t\t\t<\/div>\n\t\t\t\t<\/div>\n\t\t\t\t\t<\/div>\n\t\t\t\t<\/div>\n\t\t<div class=\"elementor-element elementor-element-741c9b6 e-flex e-con-boxed e-con e-parent\" data-id=\"741c9b6\" data-element_type=\"container\">\n\t\t\t\t\t<div class=\"e-con-inner\">\n\t\t\t\t<div class=\"elementor-element elementor-element-5b4f19d elementor-arrows-position-inside elementor-pagination-position-outside elementor-widget elementor-widget-image-carousel\" data-id=\"5b4f19d\" data-element_type=\"widget\" data-settings=\"{&quot;slides_to_show&quot;:&quot;5&quot;,&quot;navigation&quot;:&quot;both&quot;,&quot;autoplay&quot;:&quot;yes&quot;,&quot;pause_on_hover&quot;:&quot;yes&quot;,&quot;pause_on_interaction&quot;:&quot;yes&quot;,&quot;autoplay_speed&quot;:5000,&quot;infinite&quot;:&quot;yes&quot;,&quot;speed&quot;:500}\" data-widget_type=\"image-carousel.default\">\n\t\t\t\t<div class=\"elementor-widget-container\">\n\t\t\t\t\t\t\t<div class=\"elementor-image-carousel-wrapper swiper\" role=\"region\" aria-roledescription=\"carousel\" aria-label=\"Carrusel de Im\u00e1genes\" dir=\"ltr\">\n\t\t\t<div class=\"elementor-image-carousel swiper-wrapper\" aria-live=\"off\">\n\t\t\t\t\t\t\t\t<div class=\"swiper-slide\" role=\"group\" aria-roledescription=\"slide\" aria-label=\"1 de 7\"><a data-elementor-open-lightbox=\"yes\" data-elementor-lightbox-slideshow=\"5b4f19d\" data-e-action-hash=\"#elementor-action%3Aaction%3Dlightbox%26settings%3DeyJpZCI6MjA1NSwidXJsIjoiaHR0cHM6XC9cL3Ryb3Bpa2Fsa2l0ZXN1cmYuY29tXC9lc1wvd3AtY29udGVudFwvdXBsb2Fkc1wvMjAyNFwvMDRcL1Ryb3Bpa2FsLUtpdGUtU2Nob29sLUVsLUN1eW8tS2l0ZS1TaG9wLU9ubGluZS1TdG9yZS1Ud2ludGlwLUJvYXJkLU5vcnRoLTIuanBlZyIsInNsaWRlc2hvdyI6IjViNGYxOWQifQ%3D%3D\" href=\"https:\/\/tropikalkitesurf.com\/es\/wp-content\/uploads\/2024\/04\/Tropikal-Kite-School-El-Cuyo-Kite-Shop-Online-Store-Twintip-Board-North-2.jpeg\"><figure class=\"swiper-slide-inner\"><img decoding=\"async\" class=\"swiper-slide-image\" src=\"https:\/\/tropikalkitesurf.com\/es\/wp-content\/uploads\/2024\/04\/Tropikal-Kite-School-El-Cuyo-Kite-Shop-Online-Store-Twintip-Board-North-2.jpeg\" alt=\"\" \/><\/figure><\/a><\/div><div class=\"swiper-slide\" role=\"group\" aria-roledescription=\"slide\" aria-label=\"2 de 7\"><a data-elementor-open-lightbox=\"yes\" data-elementor-lightbox-slideshow=\"5b4f19d\" data-e-action-hash=\"#elementor-action%3Aaction%3Dlightbox%26settings%3DeyJpZCI6MjA1NCwidXJsIjoiaHR0cHM6XC9cL3Ryb3Bpa2Fsa2l0ZXN1cmYuY29tXC9lc1wvd3AtY29udGVudFwvdXBsb2Fkc1wvMjAyNFwvMDRcL1Ryb3Bpa2FsLUtpdGUtU2Nob29sLUVsLUN1eW8tS2l0ZS1TaG9wLU9ubGluZS1TdG9yZS1Ud2ludGlwLUJvYXJkLU5vcnRoLmpwZWciLCJzbGlkZXNob3ciOiI1YjRmMTlkIn0%3D\" href=\"https:\/\/tropikalkitesurf.com\/es\/wp-content\/uploads\/2024\/04\/Tropikal-Kite-School-El-Cuyo-Kite-Shop-Online-Store-Twintip-Board-North.jpeg\"><figure class=\"swiper-slide-inner\"><img decoding=\"async\" class=\"swiper-slide-image\" src=\"https:\/\/tropikalkitesurf.com\/es\/wp-content\/uploads\/2024\/04\/Tropikal-Kite-School-El-Cuyo-Kite-Shop-Online-Store-Twintip-Board-North.jpeg\" alt=\"\" \/><\/figure><\/a><\/div><div class=\"swiper-slide\" role=\"group\" aria-roledescription=\"slide\" aria-label=\"3 de 7\"><a data-elementor-open-lightbox=\"yes\" data-elementor-lightbox-slideshow=\"5b4f19d\" data-e-action-hash=\"#elementor-action%3Aaction%3Dlightbox%26settings%3DeyJpZCI6MjA1MiwidXJsIjoiaHR0cHM6XC9cL3Ryb3Bpa2Fsa2l0ZXN1cmYuY29tXC9lc1wvd3AtY29udGVudFwvdXBsb2Fkc1wvMjAyNFwvMDRcL1Ryb3Bpa2FsLUtpdGUtU2Nob29sLUVsLUN1eW8tS2l0ZS1TaG9wLU9ubGluZS1TdG9yZS1OT1JUSDI0X1JlYWNoLTMuanBlZyIsInNsaWRlc2hvdyI6IjViNGYxOWQifQ%3D%3D\" href=\"https:\/\/tropikalkitesurf.com\/es\/wp-content\/uploads\/2024\/04\/Tropikal-Kite-School-El-Cuyo-Kite-Shop-Online-Store-NORTH24_Reach-3.jpeg\"><figure class=\"swiper-slide-inner\"><img decoding=\"async\" class=\"swiper-slide-image\" src=\"https:\/\/tropikalkitesurf.com\/es\/wp-content\/uploads\/2024\/04\/Tropikal-Kite-School-El-Cuyo-Kite-Shop-Online-Store-NORTH24_Reach-3.jpeg\" alt=\"\" \/><\/figure><\/a><\/div><div class=\"swiper-slide\" role=\"group\" aria-roledescription=\"slide\" aria-label=\"4 de 7\"><a data-elementor-open-lightbox=\"yes\" data-elementor-lightbox-slideshow=\"5b4f19d\" data-e-action-hash=\"#elementor-action%3Aaction%3Dlightbox%26settings%3DeyJpZCI6MjA1MSwidXJsIjoiaHR0cHM6XC9cL3Ryb3Bpa2Fsa2l0ZXN1cmYuY29tXC9lc1wvd3AtY29udGVudFwvdXBsb2Fkc1wvMjAyNFwvMDRcL1Ryb3Bpa2FsLUtpdGUtU2Nob29sLUVsLUN1eW8tS2l0ZS1TaG9wLU9ubGluZS1TdG9yZS1OT1JUSDI0X1JlYWNoLTIuanBlZyIsInNsaWRlc2hvdyI6IjViNGYxOWQifQ%3D%3D\" href=\"https:\/\/tropikalkitesurf.com\/es\/wp-content\/uploads\/2024\/04\/Tropikal-Kite-School-El-Cuyo-Kite-Shop-Online-Store-NORTH24_Reach-2.jpeg\"><figure class=\"swiper-slide-inner\"><img decoding=\"async\" class=\"swiper-slide-image\" src=\"https:\/\/tropikalkitesurf.com\/es\/wp-content\/uploads\/2024\/04\/Tropikal-Kite-School-El-Cuyo-Kite-Shop-Online-Store-NORTH24_Reach-2.jpeg\" alt=\"\" \/><\/figure><\/a><\/div><div class=\"swiper-slide\" role=\"group\" aria-roledescription=\"slide\" aria-label=\"5 de 7\"><a data-elementor-open-lightbox=\"yes\" data-elementor-lightbox-slideshow=\"5b4f19d\" data-e-action-hash=\"#elementor-action%3Aaction%3Dlightbox%26settings%3DeyJpZCI6MjA1MCwidXJsIjoiaHR0cHM6XC9cL3Ryb3Bpa2Fsa2l0ZXN1cmYuY29tXC9lc1wvd3AtY29udGVudFwvdXBsb2Fkc1wvMjAyNFwvMDRcL1Ryb3Bpa2FsLUtpdGUtU2Nob29sLUVsLUN1eW8tS2l0ZS1TaG9wLU9ubGluZS1TdG9yZS1OT1JUSDI0X1JlYWNoLmpwZWciLCJzbGlkZXNob3ciOiI1YjRmMTlkIn0%3D\" href=\"https:\/\/tropikalkitesurf.com\/es\/wp-content\/uploads\/2024\/04\/Tropikal-Kite-School-El-Cuyo-Kite-Shop-Online-Store-NORTH24_Reach.jpeg\"><figure class=\"swiper-slide-inner\"><img decoding=\"async\" class=\"swiper-slide-image\" src=\"https:\/\/tropikalkitesurf.com\/es\/wp-content\/uploads\/2024\/04\/Tropikal-Kite-School-El-Cuyo-Kite-Shop-Online-Store-NORTH24_Reach.jpeg\" alt=\"\" \/><\/figure><\/a><\/div><div class=\"swiper-slide\" role=\"group\" aria-roledescription=\"slide\" aria-label=\"6 de 7\"><a data-elementor-open-lightbox=\"yes\" data-elementor-lightbox-slideshow=\"5b4f19d\" data-e-action-hash=\"#elementor-action%3Aaction%3Dlightbox%26settings%3DeyJpZCI6MjA0OSwidXJsIjoiaHR0cHM6XC9cL3Ryb3Bpa2Fsa2l0ZXN1cmYuY29tXC9lc1wvd3AtY29udGVudFwvdXBsb2Fkc1wvMjAyNFwvMDRcL1Ryb3Bpa2FsLUtpdGUtU2Nob29sLUVsLUN1eW8tS2l0ZS1TaG9wLU9ubGluZS1TdG9yZS1Gb2lsYm9hcmQtTm9ydGgtMi5qcGVnIiwic2xpZGVzaG93IjoiNWI0ZjE5ZCJ9\" href=\"https:\/\/tropikalkitesurf.com\/es\/wp-content\/uploads\/2024\/04\/Tropikal-Kite-School-El-Cuyo-Kite-Shop-Online-Store-Foilboard-North-2.jpeg\"><figure class=\"swiper-slide-inner\"><img decoding=\"async\" class=\"swiper-slide-image\" src=\"https:\/\/tropikalkitesurf.com\/es\/wp-content\/uploads\/2024\/04\/Tropikal-Kite-School-El-Cuyo-Kite-Shop-Online-Store-Foilboard-North-2.jpeg\" alt=\"\" \/><\/figure><\/a><\/div><div class=\"swiper-slide\" role=\"group\" aria-roledescription=\"slide\" aria-label=\"7 de 7\"><a data-elementor-open-lightbox=\"yes\" data-elementor-lightbox-slideshow=\"5b4f19d\" data-e-action-hash=\"#elementor-action%3Aaction%3Dlightbox%26settings%3DeyJpZCI6MjA0OCwidXJsIjoiaHR0cHM6XC9cL3Ryb3Bpa2Fsa2l0ZXN1cmYuY29tXC9lc1wvd3AtY29udGVudFwvdXBsb2Fkc1wvMjAyNFwvMDRcL1Ryb3Bpa2FsLUtpdGUtU2Nob29sLUVsLUN1eW8tS2l0ZS1TaG9wLU9ubGluZS1TdG9yZS1Gb2lsYm9hcmQtTm9ydGguanBlZyIsInNsaWRlc2hvdyI6IjViNGYxOWQifQ%3D%3D\" href=\"https:\/\/tropikalkitesurf.com\/es\/wp-content\/uploads\/2024\/04\/Tropikal-Kite-School-El-Cuyo-Kite-Shop-Online-Store-Foilboard-North.jpeg\"><figure class=\"swiper-slide-inner\"><img decoding=\"async\" class=\"swiper-slide-image\" src=\"https:\/\/tropikalkitesurf.com\/es\/wp-content\/uploads\/2024\/04\/Tropikal-Kite-School-El-Cuyo-Kite-Shop-Online-Store-Foilboard-North.jpeg\" alt=\"\" \/><\/figure><\/a><\/div>\t\t\t<\/div>\n\t\t\t\t\t\t\t\t\t\t\t\t<div class=\"elementor-swiper-button elementor-swiper-button-prev\" role=\"button\" tabindex=\"0\">\n\t\t\t\t\t\t<i aria-hidden=\"true\" class=\"eicon-chevron-left\"><\/i>\t\t\t\t\t<\/div>\n\t\t\t\t\t<div class=\"elementor-swiper-button elementor-swiper-button-next\" role=\"button\" tabindex=\"0\">\n\t\t\t\t\t\t<i aria-hidden=\"true\" class=\"eicon-chevron-right\"><\/i>\t\t\t\t\t<\/div>\n\t\t\t\t\n\t\t\t\t\t\t\t\t\t<div class=\"swiper-pagination\"><\/div>\n\t\t\t\t\t\t\t\t\t<\/div>\n\t\t\t\t\t\t<\/div>\n\t\t\t\t<\/div>\n\t\t\t\t\t<\/div>\n\t\t\t\t<\/div>\n\t\t\t\t<\/div>\n\t\t","protected":false},"excerpt":{"rendered":"<p>Tienda kite \u00bfInteresado en comprar tu propio equipo de kite, foil o wing? somos vendedores autorizados de equipos north y mystic. contamos con tienda en l\u00ednea y tambi\u00e9n ofrecemos los productos directamente en nuestra escuela tropikal en el cuyo. Me interesa Elige entre una amplia variedad de equipos de kitesurf, kitefoil y wingfoil. \u00bfQu\u00e9 est\u00e1s [&hellip;]<\/p>\n","protected":false},"author":1,"featured_media":0,"parent":0,"menu_order":0,"comment_status":"closed","ping_status":"closed","template":"elementor_header_footer","meta":{"footnotes":""},"class_list":["post-1444","page","type-page","status-publish","hentry"],"_links":{"self":[{"href":"https:\/\/tropikalkitesurf.com\/es\/wp-json\/wp\/v2\/pages\/1444","targetHints":{"allow":["GET"]}}],"collection":[{"href":"https:\/\/tropikalkitesurf.com\/es\/wp-json\/wp\/v2\/pages"}],"about":[{"href":"https:\/\/tropikalkitesurf.com\/es\/wp-json\/wp\/v2\/types\/page"}],"author":[{"embeddable":true,"href":"https:\/\/tropikalkitesurf.com\/es\/wp-json\/wp\/v2\/users\/1"}],"replies":[{"embeddable":true,"href":"https:\/\/tropikalkitesurf.com\/es\/wp-json\/wp\/v2\/comments?post=1444"}],"version-history":[{"count":56,"href":"https:\/\/tropikalkitesurf.com\/es\/wp-json\/wp\/v2\/pages\/1444\/revisions"}],"predecessor-version":[{"id":2907,"href":"https:\/\/tropikalkitesurf.com\/es\/wp-json\/wp\/v2\/pages\/1444\/revisions\/2907"}],"wp:attachment":[{"href":"https:\/\/tropikalkitesurf.com\/es\/wp-json\/wp\/v2\/media?parent=1444"}],"curies":[{"name":"wp","href":"https:\/\/api.w.org\/{rel}","templated":true}]}}