{"id":1412,"date":"2024-02-22T20:02:30","date_gmt":"2024-02-23T01:02:30","guid":{"rendered":"https:\/\/tropikalkitesurf.com\/?page_id=1412"},"modified":"2025-05-28T18:14:59","modified_gmt":"2025-05-28T23:14:59","slug":"hoteles-en-el-cuyo-yucatan","status":"publish","type":"page","link":"https:\/\/tropikalkitesurf.com\/es\/hoteles-en-el-cuyo-yucatan\/","title":{"rendered":"Hoteles en El Cuyo"},"content":{"rendered":"\t\t<div data-elementor-type=\"wp-page\" data-elementor-id=\"1412\" class=\"elementor elementor-1412\" data-elementor-post-type=\"page\">\n\t\t\t\t<div class=\"elementor-element elementor-element-7d6a8d73 e-flex e-con-boxed e-con e-parent\" data-id=\"7d6a8d73\" data-element_type=\"container\" data-settings=\"{&quot;background_background&quot;:&quot;slideshow&quot;,&quot;background_slideshow_gallery&quot;:[{&quot;id&quot;:1418,&quot;url&quot;:&quot;https:\\\/\\\/tropikalkitesurf.com\\\/wp-content\\\/uploads\\\/2024\\\/02\\\/Tropikal-Kite-School-El-Cuyo-Accommodation_LunArena-2-min.jpeg&quot;},{&quot;id&quot;:1424,&quot;url&quot;:&quot;https:\\\/\\\/tropikalkitesurf.com\\\/wp-content\\\/uploads\\\/2024\\\/02\\\/Tropikal-Kite-School-El-Cuyo-Accommodation-Dos-Mares-1-min.jpeg&quot;}],&quot;background_slideshow_slide_duration&quot;:2000,&quot;background_slideshow_transition_duration&quot;:300,&quot;background_slideshow_slide_transition&quot;:&quot;slide_left&quot;,&quot;background_slideshow_loop&quot;:&quot;yes&quot;}\">\n\t\t\t\t\t<div class=\"e-con-inner\">\n\t\t\t\t<div class=\"elementor-element elementor-element-1ae2984 elementor-widget elementor-widget-heading\" data-id=\"1ae2984\" data-element_type=\"widget\" data-widget_type=\"heading.default\">\n\t\t\t\t<div class=\"elementor-widget-container\">\n\t\t\t\t\t<h1 class=\"elementor-heading-title elementor-size-default\">D\u00f3nde hospedarse en El Cuyo<\/h1>\t\t\t\t<\/div>\n\t\t\t\t<\/div>\n\t\t\t\t<div class=\"elementor-element elementor-element-70d0b1de elementor-widget-mobile__width-inherit elementor-widget elementor-widget-text-editor\" data-id=\"70d0b1de\" data-element_type=\"widget\" data-widget_type=\"text-editor.default\">\n\t\t\t\t<div class=\"elementor-widget-container\">\n\t\t\t\t\t\t\t\t\t<p>\u00bfSue\u00f1as con despertar a pocos pasos del kitespot? Ese sue\u00f1o puede hacerse realidad en nuestros hoteles aliados: <strong data-start=\"146\" data-end=\"173\">LunArena Boutique Hotel<\/strong> y <strong data-start=\"176\" data-end=\"189\">Dos Mares<\/strong>.<\/p>\t\t\t\t\t\t\t\t<\/div>\n\t\t\t\t<\/div>\n\t\t\t\t<div class=\"elementor-element elementor-element-3eaa5ea6 elementor-align-center elementor-widget elementor-widget-button\" data-id=\"3eaa5ea6\" data-element_type=\"widget\" data-widget_type=\"button.default\">\n\t\t\t\t<div class=\"elementor-widget-container\">\n\t\t\t\t\t\t\t\t\t<div class=\"elementor-button-wrapper\">\n\t\t\t\t\t<a class=\"elementor-button elementor-button-link elementor-size-sm elementor-animation-grow\" href=\"https:\/\/wa.me\/529841337532\" target=\"_blank\" rel=\"nofollow\">\n\t\t\t\t\t\t<span class=\"elementor-button-content-wrapper\">\n\t\t\t\t\t\t\t\t\t<span class=\"elementor-button-text\">\u00a1Hosp\u00e9date con nosotros!<\/span>\n\t\t\t\t\t<\/span>\n\t\t\t\t\t<\/a>\n\t\t\t\t<\/div>\n\t\t\t\t\t\t\t\t<\/div>\n\t\t\t\t<\/div>\n\t\t\t\t\t<\/div>\n\t\t\t\t<\/div>\n\t\t<div class=\"elementor-element elementor-element-3c12461 e-flex e-con-boxed e-con e-parent\" data-id=\"3c12461\" data-element_type=\"container\">\n\t\t\t\t\t<div class=\"e-con-inner\">\n\t\t\t\t<div class=\"elementor-element elementor-element-60215a58 elementor-invisible elementor-widget elementor-widget-heading\" data-id=\"60215a58\" data-element_type=\"widget\" data-settings=\"{&quot;_animation&quot;:&quot;fadeIn&quot;}\" data-widget_type=\"heading.default\">\n\t\t\t\t<div class=\"elementor-widget-container\">\n\t\t\t\t\t<h2 class=\"elementor-heading-title elementor-size-default\">LunArena Boutique Hotel <\/h2>\t\t\t\t<\/div>\n\t\t\t\t<\/div>\n\t\t\t\t<div class=\"elementor-element elementor-element-3d77528 elementor-widget elementor-widget-gallery\" data-id=\"3d77528\" data-element_type=\"widget\" data-settings=\"{&quot;columns&quot;:3,&quot;lazyload&quot;:&quot;yes&quot;,&quot;gallery_layout&quot;:&quot;grid&quot;,&quot;columns_tablet&quot;:2,&quot;columns_mobile&quot;:1,&quot;gap&quot;:{&quot;unit&quot;:&quot;px&quot;,&quot;size&quot;:10,&quot;sizes&quot;:[]},&quot;gap_tablet&quot;:{&quot;unit&quot;:&quot;px&quot;,&quot;size&quot;:10,&quot;sizes&quot;:[]},&quot;gap_mobile&quot;:{&quot;unit&quot;:&quot;px&quot;,&quot;size&quot;:10,&quot;sizes&quot;:[]},&quot;link_to&quot;:&quot;file&quot;,&quot;aspect_ratio&quot;:&quot;3:2&quot;,&quot;overlay_background&quot;:&quot;yes&quot;,&quot;content_hover_animation&quot;:&quot;fade-in&quot;}\" data-widget_type=\"gallery.default\">\n\t\t\t\t<div class=\"elementor-widget-container\">\n\t\t\t\t\t\t\t<div class=\"elementor-gallery__container\">\n\t\t\t\t\t\t\t<a class=\"e-gallery-item elementor-gallery-item elementor-animated-content\" href=\"https:\/\/tropikalkitesurf.com\/es\/wp-content\/uploads\/2024\/04\/Tropikal-Kite-School-El-Cuyo-Accommodation-LunArena-1-scaled.jpg\" data-elementor-open-lightbox=\"yes\" data-elementor-lightbox-slideshow=\"3d77528\" data-e-action-hash=\"#elementor-action%3Aaction%3Dlightbox%26settings%3DeyJpZCI6MjAzNSwidXJsIjoiaHR0cHM6XC9cL3Ryb3Bpa2Fsa2l0ZXN1cmYuY29tXC9lc1wvd3AtY29udGVudFwvdXBsb2Fkc1wvMjAyNFwvMDRcL1Ryb3Bpa2FsLUtpdGUtU2Nob29sLUVsLUN1eW8tQWNjb21tb2RhdGlvbi1MdW5BcmVuYS0xLXNjYWxlZC5qcGciLCJzbGlkZXNob3ciOiIzZDc3NTI4In0%3D\">\n\t\t\t\t\t<div class=\"e-gallery-image elementor-gallery-item__image\" data-thumbnail=\"https:\/\/tropikalkitesurf.com\/es\/wp-content\/uploads\/2024\/04\/Tropikal-Kite-School-El-Cuyo-Accommodation-LunArena-1-768x504.jpg\" data-width=\"768\" data-height=\"504\" aria-label=\"\" role=\"img\" ><\/div>\n\t\t\t\t\t\t\t\t\t\t\t<div class=\"elementor-gallery-item__overlay\"><\/div>\n\t\t\t\t\t\t\t\t\t\t\t\t\t\t<\/a>\n\t\t\t\t\t\t\t<a class=\"e-gallery-item elementor-gallery-item elementor-animated-content\" href=\"https:\/\/tropikalkitesurf.com\/es\/wp-content\/uploads\/2024\/06\/Tropikal-Kite-School-El-Cuyo-Accommodation-LunArena-2-1.jpeg\" data-elementor-open-lightbox=\"yes\" data-elementor-lightbox-slideshow=\"3d77528\" data-e-action-hash=\"#elementor-action%3Aaction%3Dlightbox%26settings%3DeyJpZCI6MjQ4OCwidXJsIjoiaHR0cHM6XC9cL3Ryb3Bpa2Fsa2l0ZXN1cmYuY29tXC9lc1wvd3AtY29udGVudFwvdXBsb2Fkc1wvMjAyNFwvMDZcL1Ryb3Bpa2FsLUtpdGUtU2Nob29sLUVsLUN1eW8tQWNjb21tb2RhdGlvbi1MdW5BcmVuYS0yLTEuanBlZyIsInNsaWRlc2hvdyI6IjNkNzc1MjgifQ%3D%3D\">\n\t\t\t\t\t<div class=\"e-gallery-image elementor-gallery-item__image\" data-thumbnail=\"https:\/\/tropikalkitesurf.com\/es\/wp-content\/uploads\/2024\/06\/Tropikal-Kite-School-El-Cuyo-Accommodation-LunArena-2-1-768x512.jpeg\" data-width=\"768\" data-height=\"512\" aria-label=\"\" role=\"img\" ><\/div>\n\t\t\t\t\t\t\t\t\t\t\t<div class=\"elementor-gallery-item__overlay\"><\/div>\n\t\t\t\t\t\t\t\t\t\t\t\t\t\t<\/a>\n\t\t\t\t\t\t\t<a class=\"e-gallery-item elementor-gallery-item elementor-animated-content\" href=\"https:\/\/tropikalkitesurf.com\/es\/wp-content\/uploads\/2024\/04\/Tropikal-Kite-School-El-Cuyo-Accommodation-LunArena-4.jpeg\" data-elementor-open-lightbox=\"yes\" data-elementor-lightbox-slideshow=\"3d77528\" data-e-action-hash=\"#elementor-action%3Aaction%3Dlightbox%26settings%3DeyJpZCI6MjAzOCwidXJsIjoiaHR0cHM6XC9cL3Ryb3Bpa2Fsa2l0ZXN1cmYuY29tXC9lc1wvd3AtY29udGVudFwvdXBsb2Fkc1wvMjAyNFwvMDRcL1Ryb3Bpa2FsLUtpdGUtU2Nob29sLUVsLUN1eW8tQWNjb21tb2RhdGlvbi1MdW5BcmVuYS00LmpwZWciLCJzbGlkZXNob3ciOiIzZDc3NTI4In0%3D\">\n\t\t\t\t\t<div class=\"e-gallery-image elementor-gallery-item__image\" data-thumbnail=\"https:\/\/tropikalkitesurf.com\/es\/wp-content\/uploads\/2024\/04\/Tropikal-Kite-School-El-Cuyo-Accommodation-LunArena-4-768x529.jpeg\" data-width=\"768\" data-height=\"529\" aria-label=\"\" role=\"img\" ><\/div>\n\t\t\t\t\t\t\t\t\t\t\t<div class=\"elementor-gallery-item__overlay\"><\/div>\n\t\t\t\t\t\t\t\t\t\t\t\t\t\t<\/a>\n\t\t\t\t\t<\/div>\n\t\t\t\t\t<\/div>\n\t\t\t\t<\/div>\n\t\t\t\t\t<\/div>\n\t\t\t\t<\/div>\n\t\t<div class=\"elementor-element elementor-element-32810d2 e-flex e-con-boxed e-con e-parent\" data-id=\"32810d2\" data-element_type=\"container\">\n\t\t\t\t\t<div class=\"e-con-inner\">\n\t\t\t\t<div class=\"elementor-element elementor-element-661e7fd5 elementor-align-center elementor-widget elementor-widget-button\" data-id=\"661e7fd5\" data-element_type=\"widget\" data-widget_type=\"button.default\">\n\t\t\t\t<div class=\"elementor-widget-container\">\n\t\t\t\t\t\t\t\t\t<div class=\"elementor-button-wrapper\">\n\t\t\t\t\t<a class=\"elementor-button elementor-button-link elementor-size-sm\" href=\"https:\/\/lunarena.com.mx\/\" target=\"_blank\" rel=\"nofollow\">\n\t\t\t\t\t\t<span class=\"elementor-button-content-wrapper\">\n\t\t\t\t\t\t\t\t\t<span class=\"elementor-button-text\">Visita LunArena Boutique Hotel<\/span>\n\t\t\t\t\t<\/span>\n\t\t\t\t\t<\/a>\n\t\t\t\t<\/div>\n\t\t\t\t\t\t\t\t<\/div>\n\t\t\t\t<\/div>\n\t\t\t\t<div class=\"elementor-element elementor-element-46368ad9 elementor-invisible elementor-widget elementor-widget-text-editor\" data-id=\"46368ad9\" data-element_type=\"widget\" data-settings=\"{&quot;_animation&quot;:&quot;fadeIn&quot;,&quot;_animation_delay&quot;:200}\" data-widget_type=\"text-editor.default\">\n\t\t\t\t<div class=\"elementor-widget-container\">\n\t\t\t\t\t\t\t\t\t<p data-start=\"0\" data-end=\"398\">Cuando te hospedas en <strong data-start=\"22\" data-end=\"49\">LunArena Boutique Hotel<\/strong>, \u00a1puedes llegar al kite spot en menos de un minuto! El hotel se encuentra al final de El Cuyo, lo que te permite disfrutar del sonido del mar en todo momento. Este hotel boutique cuenta con 12 habitaciones y un restaurante. Comienza tu d\u00eda de kite con un desayuno completo y consi\u00e9ntete con una bebida bien merecida despu\u00e9s de disfrutar en el agua.<\/p>\n<p data-start=\"400\" data-end=\"525\" data-is-last-node=\"\" data-is-only-node=\"\">Nuestro <strong data-start=\"408\" data-end=\"445\">centro Tropikal Kite, Foil y Wing<\/strong> est\u00e1 ubicado directamente dentro del hotel.<br data-start=\"489\" data-end=\"492\" \/>\u00a1No hay nada m\u00e1s c\u00f3modo que esto!<\/p>\t\t\t\t\t\t\t\t<\/div>\n\t\t\t\t<\/div>\n\t\t\t\t\t<\/div>\n\t\t\t\t<\/div>\n\t\t<div class=\"elementor-element elementor-element-fb887ab e-flex e-con-boxed e-con e-parent\" data-id=\"fb887ab\" data-element_type=\"container\" data-settings=\"{&quot;background_background&quot;:&quot;classic&quot;}\">\n\t\t\t\t\t<div class=\"e-con-inner\">\n\t\t\t\t<div class=\"elementor-element elementor-element-3990d91 elementor-widget elementor-widget-heading\" data-id=\"3990d91\" data-element_type=\"widget\" data-widget_type=\"heading.default\">\n\t\t\t\t<div class=\"elementor-widget-container\">\n\t\t\t\t\t<h2 class=\"elementor-heading-title elementor-size-default\">Aprovecha tarifas con descuento en tu hospedaje como estudiante o cliente de nuestra escuela\n<\/h2>\t\t\t\t<\/div>\n\t\t\t\t<\/div>\n\t\t\t\t<div class=\"elementor-element elementor-element-52c6ceb elementor-align-center elementor-widget elementor-widget-button\" data-id=\"52c6ceb\" data-element_type=\"widget\" data-widget_type=\"button.default\">\n\t\t\t\t<div class=\"elementor-widget-container\">\n\t\t\t\t\t\t\t\t\t<div class=\"elementor-button-wrapper\">\n\t\t\t\t\t<a class=\"elementor-button elementor-button-link elementor-size-sm\" href=\"https:\/\/wa.me\/529841337532\" target=\"_blank\" rel=\"nofollow\">\n\t\t\t\t\t\t<span class=\"elementor-button-content-wrapper\">\n\t\t\t\t\t\t\t\t\t<span class=\"elementor-button-text\">Obt\u00e9n tu descuento<\/span>\n\t\t\t\t\t<\/span>\n\t\t\t\t\t<\/a>\n\t\t\t\t<\/div>\n\t\t\t\t\t\t\t\t<\/div>\n\t\t\t\t<\/div>\n\t\t\t\t\t<\/div>\n\t\t\t\t<\/div>\n\t\t<div class=\"elementor-element elementor-element-792e25b e-flex e-con-boxed e-con e-parent\" data-id=\"792e25b\" data-element_type=\"container\" data-settings=\"{&quot;background_background&quot;:&quot;classic&quot;}\">\n\t\t\t\t\t<div class=\"e-con-inner\">\n\t\t\t\t<div class=\"elementor-element elementor-element-537f896 elementor-invisible elementor-widget elementor-widget-heading\" data-id=\"537f896\" data-element_type=\"widget\" data-settings=\"{&quot;_animation&quot;:&quot;fadeIn&quot;}\" data-widget_type=\"heading.default\">\n\t\t\t\t<div class=\"elementor-widget-container\">\n\t\t\t\t\t<h2 class=\"elementor-heading-title elementor-size-default\"><a href=\"https:\/\/www.dosmareselcuyo.com\/\" target=\"_blank\" rel=\"nofollow\">Dos Mares Hotel <\/a><\/h2>\t\t\t\t<\/div>\n\t\t\t\t<\/div>\n\t\t\t\t<div class=\"elementor-element elementor-element-570de8d elementor-widget-mobile__width-inherit elementor-invisible elementor-widget elementor-widget-gallery\" data-id=\"570de8d\" data-element_type=\"widget\" data-settings=\"{&quot;columns&quot;:3,&quot;_animation&quot;:&quot;fadeIn&quot;,&quot;lazyload&quot;:&quot;yes&quot;,&quot;gallery_layout&quot;:&quot;grid&quot;,&quot;columns_tablet&quot;:2,&quot;columns_mobile&quot;:1,&quot;gap&quot;:{&quot;unit&quot;:&quot;px&quot;,&quot;size&quot;:10,&quot;sizes&quot;:[]},&quot;gap_tablet&quot;:{&quot;unit&quot;:&quot;px&quot;,&quot;size&quot;:10,&quot;sizes&quot;:[]},&quot;gap_mobile&quot;:{&quot;unit&quot;:&quot;px&quot;,&quot;size&quot;:10,&quot;sizes&quot;:[]},&quot;link_to&quot;:&quot;file&quot;,&quot;aspect_ratio&quot;:&quot;3:2&quot;,&quot;overlay_background&quot;:&quot;yes&quot;,&quot;content_hover_animation&quot;:&quot;fade-in&quot;}\" data-widget_type=\"gallery.default\">\n\t\t\t\t<div class=\"elementor-widget-container\">\n\t\t\t\t\t\t\t<div class=\"elementor-gallery__container\">\n\t\t\t\t\t\t\t<a class=\"e-gallery-item elementor-gallery-item elementor-animated-content\" href=\"https:\/\/tropikalkitesurf.com\/es\/wp-content\/uploads\/2024\/06\/Tropikal-Kite-School-El-Cuyo-Accommodation-Dos-Mares-2.jpeg\" data-elementor-open-lightbox=\"yes\" data-elementor-lightbox-slideshow=\"570de8d\" data-e-action-hash=\"#elementor-action%3Aaction%3Dlightbox%26settings%3DeyJpZCI6MjQ5MCwidXJsIjoiaHR0cHM6XC9cL3Ryb3Bpa2Fsa2l0ZXN1cmYuY29tXC9lc1wvd3AtY29udGVudFwvdXBsb2Fkc1wvMjAyNFwvMDZcL1Ryb3Bpa2FsLUtpdGUtU2Nob29sLUVsLUN1eW8tQWNjb21tb2RhdGlvbi1Eb3MtTWFyZXMtMi5qcGVnIiwic2xpZGVzaG93IjoiNTcwZGU4ZCJ9\">\n\t\t\t\t\t<div class=\"e-gallery-image elementor-gallery-item__image\" data-thumbnail=\"https:\/\/tropikalkitesurf.com\/es\/wp-content\/uploads\/2024\/06\/Tropikal-Kite-School-El-Cuyo-Accommodation-Dos-Mares-2-768x499.jpeg\" data-width=\"768\" data-height=\"499\" aria-label=\"\" role=\"img\" ><\/div>\n\t\t\t\t\t\t\t\t\t\t\t<div class=\"elementor-gallery-item__overlay\"><\/div>\n\t\t\t\t\t\t\t\t\t\t\t\t\t\t<\/a>\n\t\t\t\t\t\t\t<a class=\"e-gallery-item elementor-gallery-item elementor-animated-content\" href=\"https:\/\/tropikalkitesurf.com\/es\/wp-content\/uploads\/2024\/06\/Tropikal-Kite-School-El-Cuyo-Accommodation-Dos-Mares-3-1.jpeg\" data-elementor-open-lightbox=\"yes\" data-elementor-lightbox-slideshow=\"570de8d\" data-e-action-hash=\"#elementor-action%3Aaction%3Dlightbox%26settings%3DeyJpZCI6MjQ4OSwidXJsIjoiaHR0cHM6XC9cL3Ryb3Bpa2Fsa2l0ZXN1cmYuY29tXC9lc1wvd3AtY29udGVudFwvdXBsb2Fkc1wvMjAyNFwvMDZcL1Ryb3Bpa2FsLUtpdGUtU2Nob29sLUVsLUN1eW8tQWNjb21tb2RhdGlvbi1Eb3MtTWFyZXMtMy0xLmpwZWciLCJzbGlkZXNob3ciOiI1NzBkZThkIn0%3D\">\n\t\t\t\t\t<div class=\"e-gallery-image elementor-gallery-item__image\" data-thumbnail=\"https:\/\/tropikalkitesurf.com\/es\/wp-content\/uploads\/2024\/06\/Tropikal-Kite-School-El-Cuyo-Accommodation-Dos-Mares-3-1-768x422.jpeg\" data-width=\"768\" data-height=\"422\" aria-label=\"\" role=\"img\" ><\/div>\n\t\t\t\t\t\t\t\t\t\t\t<div class=\"elementor-gallery-item__overlay\"><\/div>\n\t\t\t\t\t\t\t\t\t\t\t\t\t\t<\/a>\n\t\t\t\t\t\t\t<a class=\"e-gallery-item elementor-gallery-item elementor-animated-content\" href=\"https:\/\/tropikalkitesurf.com\/es\/wp-content\/uploads\/2024\/06\/Tropikal-Kite-School-El-Cuyo-Accommodation-Dos-Mares-4-1.jpeg\" data-elementor-open-lightbox=\"yes\" data-elementor-lightbox-slideshow=\"570de8d\" data-e-action-hash=\"#elementor-action%3Aaction%3Dlightbox%26settings%3DeyJpZCI6MjQ4NywidXJsIjoiaHR0cHM6XC9cL3Ryb3Bpa2Fsa2l0ZXN1cmYuY29tXC9lc1wvd3AtY29udGVudFwvdXBsb2Fkc1wvMjAyNFwvMDZcL1Ryb3Bpa2FsLUtpdGUtU2Nob29sLUVsLUN1eW8tQWNjb21tb2RhdGlvbi1Eb3MtTWFyZXMtNC0xLmpwZWciLCJzbGlkZXNob3ciOiI1NzBkZThkIn0%3D\">\n\t\t\t\t\t<div class=\"e-gallery-image elementor-gallery-item__image\" data-thumbnail=\"https:\/\/tropikalkitesurf.com\/es\/wp-content\/uploads\/2024\/06\/Tropikal-Kite-School-El-Cuyo-Accommodation-Dos-Mares-4-1-768x512.jpeg\" data-width=\"768\" data-height=\"512\" aria-label=\"\" role=\"img\" ><\/div>\n\t\t\t\t\t\t\t\t\t\t\t<div class=\"elementor-gallery-item__overlay\"><\/div>\n\t\t\t\t\t\t\t\t\t\t\t\t\t\t<\/a>\n\t\t\t\t\t<\/div>\n\t\t\t\t\t<\/div>\n\t\t\t\t<\/div>\n\t\t\t\t\t<\/div>\n\t\t\t\t<\/div>\n\t\t<div class=\"elementor-element elementor-element-1098aca e-flex e-con-boxed e-con e-parent\" data-id=\"1098aca\" data-element_type=\"container\" data-settings=\"{&quot;background_background&quot;:&quot;classic&quot;}\">\n\t\t\t\t\t<div class=\"e-con-inner\">\n\t\t\t\t<div class=\"elementor-element elementor-element-8b2df1c elementor-align-center elementor-widget elementor-widget-button\" data-id=\"8b2df1c\" data-element_type=\"widget\" data-widget_type=\"button.default\">\n\t\t\t\t<div class=\"elementor-widget-container\">\n\t\t\t\t\t\t\t\t\t<div class=\"elementor-button-wrapper\">\n\t\t\t\t\t<a class=\"elementor-button elementor-button-link elementor-size-sm\" href=\"https:\/\/www.dosmareselcuyo.com\/\" target=\"_blank\" rel=\"nofollow\">\n\t\t\t\t\t\t<span class=\"elementor-button-content-wrapper\">\n\t\t\t\t\t\t\t\t\t<span class=\"elementor-button-text\">Visita Dos Mares Hotel<\/span>\n\t\t\t\t\t<\/span>\n\t\t\t\t\t<\/a>\n\t\t\t\t<\/div>\n\t\t\t\t\t\t\t\t<\/div>\n\t\t\t\t<\/div>\n\t\t\t\t<div class=\"elementor-element elementor-element-d1e82af elementor-invisible elementor-widget elementor-widget-text-editor\" data-id=\"d1e82af\" data-element_type=\"widget\" data-settings=\"{&quot;_animation&quot;:&quot;fadeIn&quot;,&quot;_animation_delay&quot;:200}\" data-widget_type=\"text-editor.default\">\n\t\t\t\t<div class=\"elementor-widget-container\">\n\t\t\t\t\t\t\t\t\t<p>Nuestro hotel aliado, Dos Mares, es uno de los m\u00e1s nuevos en El Cuyo. Est\u00e1 ubicado a solo una calle de arena del mar y a unos pasos de la escuela Tropikal Kite. Es una excelente opci\u00f3n para pasar tus noches en El Cuyo.<\/p>\n<p>Puedes elegir entre 18 habitaciones, con vista al jard\u00edn, al mar o a la laguna. En la azotea podr\u00e1s darte un chapuz\u00f3n en la alberca mientras disfrutas de una vista espectacular al oc\u00e9ano. Adem\u00e1s, el restaurante del hotel te espera con deliciosa comida y bebidas.<\/p>\n<p>Toma clases de kite, foil o renta equipo con nosotros y obt\u00e9n un descuento especial en las tarifas de Dos Mares Boutique Hotel.<br \/>Cont\u00e1ctanos para recibir tu cup\u00f3n de descuento.<\/p>\t\t\t\t\t\t\t\t<\/div>\n\t\t\t\t<\/div>\n\t\t\t\t\t<\/div>\n\t\t\t\t<\/div>\n\t\t<div class=\"elementor-element elementor-element-d43b1cd e-flex e-con-boxed e-con e-parent\" data-id=\"d43b1cd\" data-element_type=\"container\" data-settings=\"{&quot;background_background&quot;:&quot;classic&quot;}\">\n\t\t\t\t\t<div class=\"e-con-inner\">\n\t\t\t\t<div class=\"elementor-element elementor-element-9a7f2e8 elementor-widget elementor-widget-heading\" data-id=\"9a7f2e8\" data-element_type=\"widget\" data-widget_type=\"heading.default\">\n\t\t\t\t<div class=\"elementor-widget-container\">\n\t\t\t\t\t<h2 class=\"elementor-heading-title elementor-size-default\">Como estudiante o cliente de nuestra escuela, accede a descuentos especiales en tarifas de hotel.\n\n\n\n\n\n\n\n\n<\/h2>\t\t\t\t<\/div>\n\t\t\t\t<\/div>\n\t\t\t\t<div class=\"elementor-element elementor-element-cc49ff0 elementor-align-center elementor-widget elementor-widget-button\" data-id=\"cc49ff0\" data-element_type=\"widget\" data-widget_type=\"button.default\">\n\t\t\t\t<div class=\"elementor-widget-container\">\n\t\t\t\t\t\t\t\t\t<div class=\"elementor-button-wrapper\">\n\t\t\t\t\t<a class=\"elementor-button elementor-button-link elementor-size-sm\" href=\"https:\/\/wa.me\/529841337532\" target=\"_blank\" rel=\"nofollow\">\n\t\t\t\t\t\t<span class=\"elementor-button-content-wrapper\">\n\t\t\t\t\t\t\t\t\t<span class=\"elementor-button-text\">Obt\u00e9n tu descuento<\/span>\n\t\t\t\t\t<\/span>\n\t\t\t\t\t<\/a>\n\t\t\t\t<\/div>\n\t\t\t\t\t\t\t\t<\/div>\n\t\t\t\t<\/div>\n\t\t\t\t\t<\/div>\n\t\t\t\t<\/div>\n\t\t\t\t<\/div>\n\t\t","protected":false},"excerpt":{"rendered":"<p>D\u00f3nde hospedarse en El Cuyo \u00bfSue\u00f1as con despertar a pocos pasos del kitespot? Ese sue\u00f1o puede hacerse realidad en nuestros hoteles aliados: LunArena Boutique Hotel y Dos Mares. \u00a1Hosp\u00e9date con nosotros! LunArena Boutique Hotel Visita LunArena Boutique Hotel Cuando te hospedas en LunArena Boutique Hotel, \u00a1puedes llegar al kite spot en menos de un minuto! [&hellip;]<\/p>\n","protected":false},"author":1,"featured_media":0,"parent":0,"menu_order":0,"comment_status":"closed","ping_status":"closed","template":"elementor_header_footer","meta":{"footnotes":""},"class_list":["post-1412","page","type-page","status-publish","hentry"],"_links":{"self":[{"href":"https:\/\/tropikalkitesurf.com\/es\/wp-json\/wp\/v2\/pages\/1412","targetHints":{"allow":["GET"]}}],"collection":[{"href":"https:\/\/tropikalkitesurf.com\/es\/wp-json\/wp\/v2\/pages"}],"about":[{"href":"https:\/\/tropikalkitesurf.com\/es\/wp-json\/wp\/v2\/types\/page"}],"author":[{"embeddable":true,"href":"https:\/\/tropikalkitesurf.com\/es\/wp-json\/wp\/v2\/users\/1"}],"replies":[{"embeddable":true,"href":"https:\/\/tropikalkitesurf.com\/es\/wp-json\/wp\/v2\/comments?post=1412"}],"version-history":[{"count":101,"href":"https:\/\/tropikalkitesurf.com\/es\/wp-json\/wp\/v2\/pages\/1412\/revisions"}],"predecessor-version":[{"id":2830,"href":"https:\/\/tropikalkitesurf.com\/es\/wp-json\/wp\/v2\/pages\/1412\/revisions\/2830"}],"wp:attachment":[{"href":"https:\/\/tropikalkitesurf.com\/es\/wp-json\/wp\/v2\/media?parent=1412"}],"curies":[{"name":"wp","href":"https:\/\/api.w.org\/{rel}","templated":true}]}}